{"id":565,"date":"2014-03-04T10:50:00","date_gmt":"2014-03-04T09:50:00","guid":{"rendered":"https:\/\/www.inapa.cz\/uber-uns\/hodnotovy-retezec\/"},"modified":"2019-08-16T12:33:39","modified_gmt":"2019-08-16T10:33:39","slug":"wertkette","status":"publish","type":"page","link":"https:\/\/www.inapa.cz\/de\/uber-uns\/wertkette\/","title":{"rendered":"Wertkette"},"content":{"rendered":"<p>INAPA &#8211; ein Spezialist f\u00fcr Industrieverpackungen<\/p>\n<h2>ZWISCHEN EINER GEW\u00d6HNLICHEN SCHACHTEL UND EINER VERPACKUNG AUS INAPA BESTEHT EIN UNVERGLEICHBARER UNTERSCHIED.<\/h2>\n<p>&nbsp;<\/p>\n<p><a name=\"konzultace\"><\/a>Wie bearbeiten wir Ihren Auftrag?<\/p>\n<p>&nbsp;<\/p>\n<h2><strong><a href=\"https:\/\/www.inapa.cz\/wp-content\/uploads\/2014\/04\/comp.png\"><img loading=\"lazy\" class=\"size-full wp-image-217 alignleft\" style=\"margin-top: 10px; margin-bottom: 10px;\" src=\"https:\/\/www.inapa.cz\/wp-content\/uploads\/2014\/04\/comp.png\" alt=\"comp\" width=\"118\" height=\"127\" \/><\/a>1. KONSULTATION MIT DEM KUNDEN UND FEINANALYSE DES SACHVERHALTS<\/strong><\/h2>\n<p><a name=\"specifikace-obalu\"><\/a>Jede Verpackung ist ein untrennbarer Bestandteil der logistischen Kette jedes Erzeugnisses. Die Wahl der Verpackung beeinflusst im Wesentlichen nicht nur die Kosten, die mit der z.B. Bef\u00f6rderung oder Lagerung des Erzeugnisses verbunden sind, sondern auch alle Teilprozesse, die innerhalb einer logistischen Kette entstehen. Ein Teil der Feinanalyse, die der erste Schritt zu einem erfolgreichen und effektiven Verpackungsl\u00f6sung ist, bildet nachfolgend unter anderem auch die Identifizierung der schwachen Stellen der logistischen Kette, Vorschl\u00e4ge auf die Verbesserung, und nicht zuletzt auch die Methode der Kostenspargeld-Gewinnung.<\/p>\n<p>&nbsp;<\/p>\n<h2><strong><a href=\"https:\/\/www.inapa.cz\/wp-content\/uploads\/2014\/04\/rozkres.png\"><img loading=\"lazy\" class=\" wp-image-214 alignleft\" style=\"margin-left: 9px; margin-right: 9px;\" src=\"https:\/\/www.inapa.cz\/wp-content\/uploads\/2014\/04\/rozkres.png\" alt=\"rozkres\" width=\"100\" height=\"109\" \/><\/a>2. SPEZIFIZIERUNG DER VERPACKUNG UND ZIELE DES KUNDEN<\/strong><\/h2>\n<p><a name=\"navrh-a-konstrukce\"><\/a>Die Verpackungen m\u00fcssen eine ganze Reihe der Funktonen erf\u00fcllen, das hei\u00dft eine sch\u00fctzende, \u00e4sthetische sowie auch wirtschaftliche. Um von uns vorgeschlagene Verpackungsl\u00f6sung mit ihren Anforderungen in Einklang zu bringen, ist f\u00fcr uns wichtig, nicht nur detailgenau ihr zu verpackendes Erzeugnis oder Produkt kennenzulernen, sondern auch den ganzen Verpackungsprozess (Handhabung, Lager- und Bef\u00f6rderungsbedingungen, klimatische Bedingungen und so weiter)<\/p>\n<p>&nbsp;<\/p>\n<h2><strong><a href=\"https:\/\/www.inapa.cz\/wp-content\/uploads\/2014\/04\/n\u00e1kres.png\"><img loading=\"lazy\" class=\"alignleft wp-image-216 size-full\" src=\"https:\/\/www.inapa.cz\/wp-content\/uploads\/2014\/04\/n\u00e1kres.png\" alt=\"n\u00e1kres\" width=\"118\" height=\"127\" \/><\/a>3. DESIGNENTWURF DER VERPACKUNG<\/strong><\/h2>\n<p><a name=\"tiskova-technologie\"><\/a>Ein Team unserer erfahrenen Designer f\u00fchrt einen Verpackungsentwurf im Einklang mit den individuellen Bed\u00fcrfnissen jedes Kunden durch. Die Zeichnungsdokumentation und ein Verpackungsmuster (oder ein Prototyp) bildet eine wichtige Etappe seiner erfolgreichen Umsetzung in Produktion. Der Kunde gewinnt dadurch eine ganz klare Vorstellung dar\u00fcber, wie die Verpackung aussehen wird, und gleichzeitig kann er sie vor dem Produktionsanfang in seinem eigenen Werk testen.<\/p>\n<p>&nbsp;<\/p>\n<h2><strong><a href=\"https:\/\/www.inapa.cz\/wp-content\/uploads\/2014\/04\/cmyk.png\"><img loading=\"lazy\" class=\"size-full wp-image-218 alignleft\" src=\"https:\/\/www.inapa.cz\/wp-content\/uploads\/2014\/04\/cmyk.png\" alt=\"cmyk\" width=\"118\" height=\"127\" \/><\/a>4. WAHL DES GEEIGNENTEN DRUCKPROZESSES<\/strong><\/h2>\n<p><a name=\"vyroba-obalu\"><\/a>Eine perfekte Bedruckung kann von einem falsch gew\u00e4hlten Material verdorben werden, sowie auch eine falsch gew\u00e4hlte Drucktechnologie kann ein perfektes Material unbrauchbar machen. Zum Bestandteil unseres Angebots an der Druckproduktion ist eine ganze Reihe der Druckprozesse. Unter die meistanwendbaren geh\u00f6ren Offset-, Flexo- und Siebdruck. Als Vollendungsarbeiten nach dem Druck folgten Drucksache- Oberfl\u00e4chenveredelung in Form der Glanz- und Mattlackierung, Hei\u00dfpr\u00e4gen mit einer goldenen oder silbernen Folie, oder Laminierung.<\/p>\n<p>&nbsp;<\/p>\n<h2><strong><a href=\"https:\/\/www.inapa.cz\/wp-content\/uploads\/2014\/04\/rule.png\"><img loading=\"lazy\" class=\"size-full wp-image-213 alignleft\" src=\"https:\/\/www.inapa.cz\/wp-content\/uploads\/2014\/04\/rule.png\" alt=\"rule\" width=\"118\" height=\"127\" \/><\/a>5. HERSTELLUNG DER VERPACKUNGEN<\/strong><\/h2>\n<p><a name=\"kompletace-obalu\"><\/a>Nach der gemeinsamen Billigung der Muster-Verpackung wird der Herstellungsprozesses jeder Verpackung gestartet. Im Laufe des ganzen Herstellungsprozesses halten wir die Qualit\u00e4t der Produktion auf einem h\u00f6chstm\u00f6glichen Niveau, was auch die sorgf\u00e4ltige Ausgangskontrolle der bereits hergestellten Verpackungen einschlie\u00dft.<\/p>\n<p>&nbsp;<\/p>\n<h2><strong><a href=\"https:\/\/www.inapa.cz\/wp-content\/uploads\/2014\/04\/paleta.png\"><img loading=\"lazy\" class=\"size-full wp-image-215 alignleft\" src=\"https:\/\/www.inapa.cz\/wp-content\/uploads\/2014\/04\/paleta.png\" alt=\"paleta\" width=\"118\" height=\"127\" \/><\/a>6. KOMPLETIERUNG DER VERPACKUNGEN<\/strong><\/h2>\n<p><a name=\"logistika-a-skladovani\"><\/a>Die fertige Verpackung versenden wir dem Kunden in einer voraus abgesprochenen Gestalt. Die fertige Verpackung kann der Kunde als nicht komplettiert, im auseinandergelegten (flachen) oder als im bereits zusammengelegten Zustand erhalten.<\/p>\n<p>&nbsp;<\/p>\n<h2><strong><a href=\"https:\/\/www.inapa.cz\/wp-content\/uploads\/2014\/04\/auto.png\"><img loading=\"lazy\" class=\" wp-image-219 alignleft\" style=\"margin-left: 9px; margin-right: 9px;\" src=\"https:\/\/www.inapa.cz\/wp-content\/uploads\/2014\/04\/auto.png\" alt=\"auto\" width=\"100\" height=\"107\" \/><\/a>7. LOGISTIK UND LAGERUNG<\/strong><\/h2>\n<p>Verschiedene Verpackungen &#8211; ihrer Charakteristiken nach &#8211; bedingen auch die Kapazit\u00e4ten f\u00fcr die Lagerung. Der Kunden erh\u00e4lt gew\u00f6hnlich ganze bestellte Menge mit einem Mal. Wir verf\u00fcgen jedoch auch mit einer ausreichend gro\u00dfen Lagerfl\u00e4che f\u00fcr Materialien sowie f\u00fcr fertige Produkte. Schon deswegen bieten wir im Rahmen unserer Dienste auch regelm\u00e4\u00dfige Lieferungen der Verpackungen im Modus &#8222;just-in-time&#8220;.<\/p>\n","protected":false},"excerpt":{"rendered":"<p>INAPA &#8211; ein Spezialist f\u00fcr Industrieverpackungen ZWISCHEN EINER GEW\u00d6HNLICHEN SCHACHTEL UND EINER VERPACKUNG AUS INAPA BESTEHT EIN UNVERGLEICHBARER UNTERSCHIED. &nbsp; Wie bearbeiten wir Ihren Auftrag? &nbsp; 1. KONSULTATION MIT DEM KUNDEN UND FEINANALYSE DES SACHVERHALTS Jede Verpackung ist ein untrennbarer &hellip; <a href=\"https:\/\/www.inapa.cz\/de\/uber-uns\/wertkette\/\">V\u00edce<\/a><\/p>\n","protected":false},"author":1,"featured_media":0,"parent":524,"menu_order":27,"comment_status":"open","ping_status":"open","template":"","meta":[],"acf":[],"yoast_head":"<!-- This site is optimized with the Yoast SEO plugin v18.1 - https:\/\/yoast.com\/wordpress\/plugins\/seo\/ -->\n<meta name=\"robots\" content=\"index, follow, max-snippet:-1, max-image-preview:large, max-video-preview:-1\" \/>\n<link rel=\"canonical\" href=\"https:\/\/www.inapa.cz\/de\/uber-uns\/wertkette\/\" \/>\n<meta property=\"og:locale\" content=\"de_DE\" \/>\n<meta property=\"og:type\" content=\"article\" \/>\n<meta property=\"og:title\" content=\"Wertkette - Inapa s. r. o.\" \/>\n<meta property=\"og:description\" content=\"INAPA &#8211; ein Spezialist f\u00fcr Industrieverpackungen ZWISCHEN EINER GEW\u00d6HNLICHEN SCHACHTEL UND EINER VERPACKUNG AUS INAPA BESTEHT EIN UNVERGLEICHBARER UNTERSCHIED. &nbsp; Wie bearbeiten wir Ihren Auftrag? &nbsp; 1. KONSULTATION MIT DEM KUNDEN UND FEINANALYSE DES SACHVERHALTS Jede Verpackung ist ein untrennbarer &hellip; V\u00edce\" \/>\n<meta property=\"og:url\" content=\"https:\/\/www.inapa.cz\/de\/uber-uns\/wertkette\/\" \/>\n<meta property=\"og:site_name\" content=\"Inapa s. r. o.\" \/>\n<meta property=\"article:modified_time\" content=\"2019-08-16T10:33:39+00:00\" \/>\n<meta property=\"og:image\" content=\"https:\/\/www.inapa.cz\/wp-content\/uploads\/2014\/04\/comp.png\" \/>\n<meta name=\"twitter:label1\" content=\"Gesch\u00e4tzte Lesezeit\" \/>\n\t<meta name=\"twitter:data1\" content=\"2\u00a0Minuten\" \/>\n<script type=\"application\/ld+json\" class=\"yoast-schema-graph\">{\"@context\":\"https:\/\/schema.org\",\"@graph\":[{\"@type\":\"WebSite\",\"@id\":\"https:\/\/www.inapa.cz\/#website\",\"url\":\"https:\/\/www.inapa.cz\/\",\"name\":\"Inapa s. r. o.\",\"description\":\"Printing and packaging\",\"potentialAction\":[{\"@type\":\"SearchAction\",\"target\":{\"@type\":\"EntryPoint\",\"urlTemplate\":\"https:\/\/www.inapa.cz\/?s={search_term_string}\"},\"query-input\":\"required name=search_term_string\"}],\"inLanguage\":\"de\"},{\"@type\":\"ImageObject\",\"@id\":\"https:\/\/www.inapa.cz\/de\/uber-uns\/wertkette\/#primaryimage\",\"inLanguage\":\"de\",\"url\":\"https:\/\/www.inapa.cz\/wp-content\/uploads\/2014\/04\/comp.png\",\"contentUrl\":\"https:\/\/www.inapa.cz\/wp-content\/uploads\/2014\/04\/comp.png\",\"width\":118,\"height\":127},{\"@type\":\"WebPage\",\"@id\":\"https:\/\/www.inapa.cz\/de\/uber-uns\/wertkette\/#webpage\",\"url\":\"https:\/\/www.inapa.cz\/de\/uber-uns\/wertkette\/\",\"name\":\"Wertkette - Inapa s. r. o.\",\"isPartOf\":{\"@id\":\"https:\/\/www.inapa.cz\/#website\"},\"primaryImageOfPage\":{\"@id\":\"https:\/\/www.inapa.cz\/de\/uber-uns\/wertkette\/#primaryimage\"},\"datePublished\":\"2014-03-04T09:50:00+00:00\",\"dateModified\":\"2019-08-16T10:33:39+00:00\",\"breadcrumb\":{\"@id\":\"https:\/\/www.inapa.cz\/de\/uber-uns\/wertkette\/#breadcrumb\"},\"inLanguage\":\"de\",\"potentialAction\":[{\"@type\":\"ReadAction\",\"target\":[\"https:\/\/www.inapa.cz\/de\/uber-uns\/wertkette\/\"]}]},{\"@type\":\"BreadcrumbList\",\"@id\":\"https:\/\/www.inapa.cz\/de\/uber-uns\/wertkette\/#breadcrumb\",\"itemListElement\":[{\"@type\":\"ListItem\",\"position\":1,\"name\":\"\u00dcber uns\",\"item\":\"https:\/\/www.inapa.cz\/de\/uber-uns\/\"},{\"@type\":\"ListItem\",\"position\":2,\"name\":\"Wertkette\"}]}]}<\/script>\n<!-- \/ Yoast SEO plugin. -->","yoast_head_json":{"robots":{"index":"index","follow":"follow","max-snippet":"max-snippet:-1","max-image-preview":"max-image-preview:large","max-video-preview":"max-video-preview:-1"},"canonical":"https:\/\/www.inapa.cz\/de\/uber-uns\/wertkette\/","og_locale":"de_DE","og_type":"article","og_title":"Wertkette - Inapa s. r. o.","og_description":"INAPA &#8211; ein Spezialist f\u00fcr Industrieverpackungen ZWISCHEN EINER GEW\u00d6HNLICHEN SCHACHTEL UND EINER VERPACKUNG AUS INAPA BESTEHT EIN UNVERGLEICHBARER UNTERSCHIED. &nbsp; Wie bearbeiten wir Ihren Auftrag? &nbsp; 1. KONSULTATION MIT DEM KUNDEN UND FEINANALYSE DES SACHVERHALTS Jede Verpackung ist ein untrennbarer &hellip; V\u00edce","og_url":"https:\/\/www.inapa.cz\/de\/uber-uns\/wertkette\/","og_site_name":"Inapa s. r. o.","article_modified_time":"2019-08-16T10:33:39+00:00","og_image":[{"url":"https:\/\/www.inapa.cz\/wp-content\/uploads\/2014\/04\/comp.png"}],"twitter_misc":{"Gesch\u00e4tzte Lesezeit":"2\u00a0Minuten"},"schema":{"@context":"https:\/\/schema.org","@graph":[{"@type":"WebSite","@id":"https:\/\/www.inapa.cz\/#website","url":"https:\/\/www.inapa.cz\/","name":"Inapa s. r. o.","description":"Printing and packaging","potentialAction":[{"@type":"SearchAction","target":{"@type":"EntryPoint","urlTemplate":"https:\/\/www.inapa.cz\/?s={search_term_string}"},"query-input":"required name=search_term_string"}],"inLanguage":"de"},{"@type":"ImageObject","@id":"https:\/\/www.inapa.cz\/de\/uber-uns\/wertkette\/#primaryimage","inLanguage":"de","url":"https:\/\/www.inapa.cz\/wp-content\/uploads\/2014\/04\/comp.png","contentUrl":"https:\/\/www.inapa.cz\/wp-content\/uploads\/2014\/04\/comp.png","width":118,"height":127},{"@type":"WebPage","@id":"https:\/\/www.inapa.cz\/de\/uber-uns\/wertkette\/#webpage","url":"https:\/\/www.inapa.cz\/de\/uber-uns\/wertkette\/","name":"Wertkette - Inapa s. r. o.","isPartOf":{"@id":"https:\/\/www.inapa.cz\/#website"},"primaryImageOfPage":{"@id":"https:\/\/www.inapa.cz\/de\/uber-uns\/wertkette\/#primaryimage"},"datePublished":"2014-03-04T09:50:00+00:00","dateModified":"2019-08-16T10:33:39+00:00","breadcrumb":{"@id":"https:\/\/www.inapa.cz\/de\/uber-uns\/wertkette\/#breadcrumb"},"inLanguage":"de","potentialAction":[{"@type":"ReadAction","target":["https:\/\/www.inapa.cz\/de\/uber-uns\/wertkette\/"]}]},{"@type":"BreadcrumbList","@id":"https:\/\/www.inapa.cz\/de\/uber-uns\/wertkette\/#breadcrumb","itemListElement":[{"@type":"ListItem","position":1,"name":"\u00dcber uns","item":"https:\/\/www.inapa.cz\/de\/uber-uns\/"},{"@type":"ListItem","position":2,"name":"Wertkette"}]}]}},"_links":{"self":[{"href":"https:\/\/www.inapa.cz\/de\/wp-json\/wp\/v2\/pages\/565"}],"collection":[{"href":"https:\/\/www.inapa.cz\/de\/wp-json\/wp\/v2\/pages"}],"about":[{"href":"https:\/\/www.inapa.cz\/de\/wp-json\/wp\/v2\/types\/page"}],"author":[{"embeddable":true,"href":"https:\/\/www.inapa.cz\/de\/wp-json\/wp\/v2\/users\/1"}],"replies":[{"embeddable":true,"href":"https:\/\/www.inapa.cz\/de\/wp-json\/wp\/v2\/comments?post=565"}],"version-history":[{"count":1,"href":"https:\/\/www.inapa.cz\/de\/wp-json\/wp\/v2\/pages\/565\/revisions"}],"predecessor-version":[{"id":833,"href":"https:\/\/www.inapa.cz\/de\/wp-json\/wp\/v2\/pages\/565\/revisions\/833"}],"up":[{"embeddable":true,"href":"https:\/\/www.inapa.cz\/de\/wp-json\/wp\/v2\/pages\/524"}],"wp:attachment":[{"href":"https:\/\/www.inapa.cz\/de\/wp-json\/wp\/v2\/media?parent=565"}],"curies":[{"name":"wp","href":"https:\/\/api.w.org\/{rel}","templated":true}]}}