{"id":563,"date":"2014-03-07T19:15:10","date_gmt":"2014-03-07T18:15:10","guid":{"rendered":"https:\/\/www.inapa.cz\/uber-uns\/technologie\/"},"modified":"2019-08-16T13:37:34","modified_gmt":"2019-08-16T11:37:34","slug":"technologische","status":"publish","type":"page","link":"https:\/\/www.inapa.cz\/de\/uber-uns\/technologische\/","title":{"rendered":"Technologische"},"content":{"rendered":"<p><strong>Die technologische Ausr\u00fcstung bildet das Herz jeder Druckerei, und jedes Herstellers des Verpackungsmaterials. Das technische Niveau der einzelnen Maschinen entscheidet sehr oft \u00fcber die Qualit\u00e4t des Endprodukts und dadurch \u00fcber die Zufriedenheit des Kunden. Aus diesem Grunde flie\u00dft der gr\u00f6\u00dfte Teil unserer Investitionen eben in diese Richtung. Wir sind stolz darauf, dass wir mit modernen Produktionsmaschinen verf\u00fcgen, und dass die meisten von ihnen von den renommierten deutschen Herstellern stammen.<\/strong><\/p>\n<p>Eine hochwertige Druckaufbereitung und Entwurf des grafischen Designs jeder Verpackung bildet die Grundlage f\u00fcr die Herstellung aller Verpackungen mit einem farbigen Aufdruck. Eine fehlerlose und pr\u00e4zise Druckaufbereitung wird sich in folgenden Produktionsphasen verzinsen, deswegen st\u00fctzen wir uns auf moderne Software-L\u00f6sungen der Gesellschaft Esko ab, die zur Zeit zur absoluten Spitze im Bereich der Programme f\u00fcr strukturelles Design geh\u00f6rt.<\/p>\n<p>Offsetdruck-Auftr\u00e4ge setzen wir f\u00fcr unsere Kunden auf Druckmaschinen KBA und Manroland um, die mit sechs Druckeinheiten und der Lackierungsoption ausgestattet sind. Dadurch sind wir in der Lage unseren Kunden nicht nur den einfachen Aufdruck anbieten, aber auch eine breite Palette der Wasser- und UV-Lackierungen, einschlie\u00dflich der Veredelung der Drucksachen mit Drip-Off-Effekten oder mit strukturellen Lacken. Unsere Spezialit\u00e4t, die uns von einer \u00fcblichen Kartonage-Produktion absondert, ist der UV-Offsetdruck nicht nur auf den Standard- sondern auch auf den au\u00dfergew\u00f6hnlichen Materialien, wie z.B. auf Plaste, transparente Folien oder In-Mould-Etiketten. Im Bereich der Wellenpappe verlassen wir uns auf den Flexodruck. F\u00fcr Druckauftr\u00e4ge in kleinen Auflagen verwenden wir zum Bedrucken der Verpackungen auch den Siebdruck. Den Flexodruck wird auf einer selbst\u00e4ndigen Zweifarbenmaschine oder in der Inline-Produktion der Klappenschachtel verwendet.<\/p>\n<p>Die Verpackung wird nachstehend aus dem bedruckten Bogen ausgestanzt. Zum Stanzen verwenden wir eine ganze Reihe der Maschinen f\u00fcr Flach- sowie Rotationsdruck. Der Kern der Kartonage-Produktion bilden leistungsf\u00e4hige Stanzautomaten Bobst. Zur Herstellung der Displays und der \u00fcbrigen kaschierten Kartonage nutzen wir moderne automatische Kaschiermaschinen Grove. Das Sortiment der Kartonage-Technologien erg\u00e4nzen spezialisierte Maschinen zur Fertigung und N\u00e4hen der Transportboxen, Deckel, Gitter und Durchsch\u00fcssen.<\/p>\n<p>Weitgehende Investitionen in technologische Ausr\u00fcstung brachten eine betr\u00e4chtliche Erh\u00f6hung und Standardisierung der Qualit\u00e4t unserer Produktion. Der Einkauf neuer modernen Maschinen bedeutet jedoch eine markante finanzielle Belastung, und deswegen sch\u00e4tzen wir, bei der Anschaffung der Druck- und Stanzmaschinen, sehr die M\u00f6glichkeit, aus den strukturellen Fonds der Europ\u00e4ischen Gemeinschaft die Finanzmittel sch\u00f6pfen zu d\u00fcrfen.<\/p>\n<p>&nbsp;<\/p>\n<p><a href=\"https:\/\/www.inapa.cz\/wp-content\/uploads\/2014\/03\/EU_ERDF_CZ.jpg\"><img loading=\"lazy\" class=\"size-medium wp-image-187 alignright\" src=\"https:\/\/www.inapa.cz\/wp-content\/uploads\/2014\/03\/EU_ERDF_CZ-300x93.jpg\" alt=\"EU_ERDF_CZ\" width=\"300\" height=\"93\" srcset=\"https:\/\/www.inapa.cz\/wp-content\/uploads\/2014\/03\/EU_ERDF_CZ-300x93.jpg 300w, https:\/\/www.inapa.cz\/wp-content\/uploads\/2014\/03\/EU_ERDF_CZ-1024x318.jpg 1024w, https:\/\/www.inapa.cz\/wp-content\/uploads\/2014\/03\/EU_ERDF_CZ.jpg 1217w\" sizes=\"(max-width: 300px) 100vw, 300px\" \/><\/a><\/p>\n","protected":false},"excerpt":{"rendered":"<p>Die technologische Ausr\u00fcstung bildet das Herz jeder Druckerei, und jedes Herstellers des Verpackungsmaterials. Das technische Niveau der einzelnen Maschinen entscheidet sehr oft \u00fcber die Qualit\u00e4t des Endprodukts und dadurch \u00fcber die Zufriedenheit des Kunden. Aus diesem Grunde flie\u00dft der gr\u00f6\u00dfte &hellip; <a href=\"https:\/\/www.inapa.cz\/de\/uber-uns\/technologische\/\">V\u00edce<\/a><\/p>\n","protected":false},"author":3,"featured_media":319,"parent":524,"menu_order":24,"comment_status":"open","ping_status":"open","template":"","meta":[],"acf":[],"yoast_head":"<!-- This site is optimized with the Yoast SEO plugin v18.1 - https:\/\/yoast.com\/wordpress\/plugins\/seo\/ -->\n<meta name=\"robots\" content=\"index, follow, max-snippet:-1, max-image-preview:large, max-video-preview:-1\" \/>\n<link rel=\"canonical\" href=\"https:\/\/www.inapa.cz\/de\/uber-uns\/technologische\/\" \/>\n<meta property=\"og:locale\" content=\"de_DE\" \/>\n<meta property=\"og:type\" content=\"article\" \/>\n<meta property=\"og:title\" content=\"Technologische - Inapa s. r. o.\" \/>\n<meta property=\"og:description\" content=\"Die technologische Ausr\u00fcstung bildet das Herz jeder Druckerei, und jedes Herstellers des Verpackungsmaterials. Das technische Niveau der einzelnen Maschinen entscheidet sehr oft \u00fcber die Qualit\u00e4t des Endprodukts und dadurch \u00fcber die Zufriedenheit des Kunden. Aus diesem Grunde flie\u00dft der gr\u00f6\u00dfte &hellip; V\u00edce\" \/>\n<meta property=\"og:url\" content=\"https:\/\/www.inapa.cz\/de\/uber-uns\/technologische\/\" \/>\n<meta property=\"og:site_name\" content=\"Inapa s. r. o.\" \/>\n<meta property=\"article:modified_time\" content=\"2019-08-16T11:37:34+00:00\" \/>\n<meta property=\"og:image\" content=\"https:\/\/www.inapa.cz\/wp-content\/uploads\/2014\/03\/ozubene_kolo.jpg\" \/>\n\t<meta property=\"og:image:width\" content=\"566\" \/>\n\t<meta property=\"og:image:height\" content=\"848\" \/>\n\t<meta property=\"og:image:type\" content=\"image\/jpeg\" \/>\n<meta name=\"twitter:label1\" content=\"Gesch\u00e4tzte Lesezeit\" \/>\n\t<meta name=\"twitter:data1\" content=\"2\u00a0Minuten\" \/>\n<script type=\"application\/ld+json\" class=\"yoast-schema-graph\">{\"@context\":\"https:\/\/schema.org\",\"@graph\":[{\"@type\":\"WebSite\",\"@id\":\"https:\/\/www.inapa.cz\/#website\",\"url\":\"https:\/\/www.inapa.cz\/\",\"name\":\"Inapa s. r. o.\",\"description\":\"Printing and packaging\",\"potentialAction\":[{\"@type\":\"SearchAction\",\"target\":{\"@type\":\"EntryPoint\",\"urlTemplate\":\"https:\/\/www.inapa.cz\/?s={search_term_string}\"},\"query-input\":\"required name=search_term_string\"}],\"inLanguage\":\"de\"},{\"@type\":\"ImageObject\",\"@id\":\"https:\/\/www.inapa.cz\/de\/uber-uns\/technologische\/#primaryimage\",\"inLanguage\":\"de\",\"url\":\"https:\/\/www.inapa.cz\/wp-content\/uploads\/2014\/03\/ozubene_kolo.jpg\",\"contentUrl\":\"https:\/\/www.inapa.cz\/wp-content\/uploads\/2014\/03\/ozubene_kolo.jpg\",\"width\":566,\"height\":848},{\"@type\":\"WebPage\",\"@id\":\"https:\/\/www.inapa.cz\/de\/uber-uns\/technologische\/#webpage\",\"url\":\"https:\/\/www.inapa.cz\/de\/uber-uns\/technologische\/\",\"name\":\"Technologische - Inapa s. r. o.\",\"isPartOf\":{\"@id\":\"https:\/\/www.inapa.cz\/#website\"},\"primaryImageOfPage\":{\"@id\":\"https:\/\/www.inapa.cz\/de\/uber-uns\/technologische\/#primaryimage\"},\"datePublished\":\"2014-03-07T18:15:10+00:00\",\"dateModified\":\"2019-08-16T11:37:34+00:00\",\"breadcrumb\":{\"@id\":\"https:\/\/www.inapa.cz\/de\/uber-uns\/technologische\/#breadcrumb\"},\"inLanguage\":\"de\",\"potentialAction\":[{\"@type\":\"ReadAction\",\"target\":[\"https:\/\/www.inapa.cz\/de\/uber-uns\/technologische\/\"]}]},{\"@type\":\"BreadcrumbList\",\"@id\":\"https:\/\/www.inapa.cz\/de\/uber-uns\/technologische\/#breadcrumb\",\"itemListElement\":[{\"@type\":\"ListItem\",\"position\":1,\"name\":\"\u00dcber uns\",\"item\":\"https:\/\/www.inapa.cz\/de\/uber-uns\/\"},{\"@type\":\"ListItem\",\"position\":2,\"name\":\"Technologische\"}]}]}<\/script>\n<!-- \/ Yoast SEO plugin. -->","yoast_head_json":{"robots":{"index":"index","follow":"follow","max-snippet":"max-snippet:-1","max-image-preview":"max-image-preview:large","max-video-preview":"max-video-preview:-1"},"canonical":"https:\/\/www.inapa.cz\/de\/uber-uns\/technologische\/","og_locale":"de_DE","og_type":"article","og_title":"Technologische - Inapa s. r. o.","og_description":"Die technologische Ausr\u00fcstung bildet das Herz jeder Druckerei, und jedes Herstellers des Verpackungsmaterials. Das technische Niveau der einzelnen Maschinen entscheidet sehr oft \u00fcber die Qualit\u00e4t des Endprodukts und dadurch \u00fcber die Zufriedenheit des Kunden. Aus diesem Grunde flie\u00dft der gr\u00f6\u00dfte &hellip; V\u00edce","og_url":"https:\/\/www.inapa.cz\/de\/uber-uns\/technologische\/","og_site_name":"Inapa s. r. o.","article_modified_time":"2019-08-16T11:37:34+00:00","og_image":[{"width":566,"height":848,"url":"https:\/\/www.inapa.cz\/wp-content\/uploads\/2014\/03\/ozubene_kolo.jpg","type":"image\/jpeg"}],"twitter_misc":{"Gesch\u00e4tzte Lesezeit":"2\u00a0Minuten"},"schema":{"@context":"https:\/\/schema.org","@graph":[{"@type":"WebSite","@id":"https:\/\/www.inapa.cz\/#website","url":"https:\/\/www.inapa.cz\/","name":"Inapa s. r. o.","description":"Printing and packaging","potentialAction":[{"@type":"SearchAction","target":{"@type":"EntryPoint","urlTemplate":"https:\/\/www.inapa.cz\/?s={search_term_string}"},"query-input":"required name=search_term_string"}],"inLanguage":"de"},{"@type":"ImageObject","@id":"https:\/\/www.inapa.cz\/de\/uber-uns\/technologische\/#primaryimage","inLanguage":"de","url":"https:\/\/www.inapa.cz\/wp-content\/uploads\/2014\/03\/ozubene_kolo.jpg","contentUrl":"https:\/\/www.inapa.cz\/wp-content\/uploads\/2014\/03\/ozubene_kolo.jpg","width":566,"height":848},{"@type":"WebPage","@id":"https:\/\/www.inapa.cz\/de\/uber-uns\/technologische\/#webpage","url":"https:\/\/www.inapa.cz\/de\/uber-uns\/technologische\/","name":"Technologische - Inapa s. r. o.","isPartOf":{"@id":"https:\/\/www.inapa.cz\/#website"},"primaryImageOfPage":{"@id":"https:\/\/www.inapa.cz\/de\/uber-uns\/technologische\/#primaryimage"},"datePublished":"2014-03-07T18:15:10+00:00","dateModified":"2019-08-16T11:37:34+00:00","breadcrumb":{"@id":"https:\/\/www.inapa.cz\/de\/uber-uns\/technologische\/#breadcrumb"},"inLanguage":"de","potentialAction":[{"@type":"ReadAction","target":["https:\/\/www.inapa.cz\/de\/uber-uns\/technologische\/"]}]},{"@type":"BreadcrumbList","@id":"https:\/\/www.inapa.cz\/de\/uber-uns\/technologische\/#breadcrumb","itemListElement":[{"@type":"ListItem","position":1,"name":"\u00dcber uns","item":"https:\/\/www.inapa.cz\/de\/uber-uns\/"},{"@type":"ListItem","position":2,"name":"Technologische"}]}]}},"_links":{"self":[{"href":"https:\/\/www.inapa.cz\/de\/wp-json\/wp\/v2\/pages\/563"}],"collection":[{"href":"https:\/\/www.inapa.cz\/de\/wp-json\/wp\/v2\/pages"}],"about":[{"href":"https:\/\/www.inapa.cz\/de\/wp-json\/wp\/v2\/types\/page"}],"author":[{"embeddable":true,"href":"https:\/\/www.inapa.cz\/de\/wp-json\/wp\/v2\/users\/3"}],"replies":[{"embeddable":true,"href":"https:\/\/www.inapa.cz\/de\/wp-json\/wp\/v2\/comments?post=563"}],"version-history":[{"count":2,"href":"https:\/\/www.inapa.cz\/de\/wp-json\/wp\/v2\/pages\/563\/revisions"}],"predecessor-version":[{"id":838,"href":"https:\/\/www.inapa.cz\/de\/wp-json\/wp\/v2\/pages\/563\/revisions\/838"}],"up":[{"embeddable":true,"href":"https:\/\/www.inapa.cz\/de\/wp-json\/wp\/v2\/pages\/524"}],"wp:featuredmedia":[{"embeddable":true,"href":"https:\/\/www.inapa.cz\/de\/wp-json\/wp\/v2\/media\/319"}],"wp:attachment":[{"href":"https:\/\/www.inapa.cz\/de\/wp-json\/wp\/v2\/media?parent=563"}],"curies":[{"name":"wp","href":"https:\/\/api.w.org\/{rel}","templated":true}]}}