{"id":546,"date":"2014-04-17T15:15:56","date_gmt":"2014-04-17T13:15:56","guid":{"rendered":"https:\/\/www.inapa.cz\/uber-uns\/zivotni-prostredi\/"},"modified":"2025-02-03T12:21:10","modified_gmt":"2025-02-03T11:21:10","slug":"zivotni-prostredi","status":"publish","type":"page","link":"https:\/\/www.inapa.cz\/de\/uber-uns\/zivotni-prostredi\/","title":{"rendered":"\u017divotn\u00ed prost\u0159ed\u00ed"},"content":{"rendered":"<h2>Produkce na\u0161ich obal\u016f je \u017eivotn\u00edmu prost\u0159ed\u00ed p\u0159\u00edzniv\u00e1<\/h2>\n<p>V\u011bt\u0161ina na\u0161ich obal\u016f je vyrobena z 100 % recyklovateln\u00e9ho materi\u00e1lu, jeho\u017e z\u00e1kladem je sb\u011brov\u00fd (recyklovateln\u00fd) pap\u00edr. Obaly z\u00a0vlnit\u00e9 lepenky maj\u00ed v\u00fdrazn\u011b m\u00e9n\u011b negativn\u00ed dopad na \u017eivotn\u00ed prost\u0159ed\u00ed a pro z\u00e1kazn\u00edka jsou nav\u00edc v\u00fdrazn\u011b \u00fasporn\u011bj\u0161\u00ed, ne\u017e nap\u0159\u00edklad plastov\u00e9 obaly. P\u0159i produkci v\u0161ech na\u0161ich obal\u016f se sna\u017e\u00edme minimalizovat odpad vznikl\u00fd p\u0159i v\u00fdrob\u011b obal\u016f a pou\u017e\u00edv\u00e1me v\u00fdhradn\u011b netoxick\u00e1 lepidla a barvy. M\u00e1me opr\u00e1vn\u011bn\u00ed k\u00a0u\u017e\u00edv\u00e1n\u00ed evropsk\u00e9ho symbolu RESY, kter\u00fd garantuje recyklaci materi\u00e1lu ze v\u0161ech p\u0159epravn\u00edch balen\u00ed a dal\u0161\u00edch pap\u00edrov\u00fdch obal\u016f, obal\u016f z\u00a0kartonu \u010di vlnit\u00e9 lepenky. V\u00a0\u010cesk\u00e9 republice jsme zapojeni do celorepublikov\u00e9ho syst\u00e9mu EKO-KOM, kter\u00fd zaji\u0161\u0165uje t\u0159\u00edd\u011bn\u00ed, recyklaci a\u00a0vyu\u017eit\u00ed obalov\u00e9ho odpadu na\u00a0kvalitn\u00ed evropsk\u00e9 \u00farovni.<\/p>\n<p>&nbsp;<\/p>\n<h2>Jak vlastn\u011b recyklace pap\u00edru prob\u00edh\u00e1?<\/h2>\n<p>Nej\u010dast\u011bj\u0161\u00ed forma recyklace pap\u00edr\u016f je jeho op\u011btovn\u00e1 v\u00fdroba. Pap\u00edr se sype do n\u00e1dr\u017e\u00ed s vodou, kde se rozmixuje do stavu podobn\u00e9ho \u0159\u00eddk\u00e9 ka\u0161i, kter\u00e1 obsahuje pap\u00edrov\u00e1 vl\u00e1kna. Po odstran\u011bn\u00ed ne\u010distot se sm\u011bs nanese na s\u00edto, kde se vytvo\u0159\u00ed po\u017eadovan\u00e1 vrstva pap\u00edru, kter\u00e1 se d\u00e1le lisuje a pak su\u0161\u00ed, proto\u017ee sm\u011bs obsahuje zhruba 95 % vody. Pap\u00edr lze t\u00edmto zp\u016fsobem recyklovat p\u0159ibli\u017en\u011b 5kr\u00e1t, ka\u017edou recyklac\u00ed se pap\u00edrov\u00e9 vl\u00e1kno zkracuje.<\/p>\n<p>&nbsp;<\/p>\n<h2><a href=\"https:\/\/www.inapa.cz\/wp-content\/uploads\/2025\/02\/Environmentalni-politika.pdf\">Environment\u00e1ln\u00ed politika<\/a><\/h2>\n<p>&nbsp;<\/p>\n","protected":false},"excerpt":{"rendered":"<p>Produkce na\u0161ich obal\u016f je \u017eivotn\u00edmu prost\u0159ed\u00ed p\u0159\u00edzniv\u00e1 V\u011bt\u0161ina na\u0161ich obal\u016f je vyrobena z 100 % recyklovateln\u00e9ho materi\u00e1lu, jeho\u017e z\u00e1kladem je sb\u011brov\u00fd (recyklovateln\u00fd) pap\u00edr. Obaly z\u00a0vlnit\u00e9 lepenky maj\u00ed v\u00fdrazn\u011b m\u00e9n\u011b negativn\u00ed dopad na \u017eivotn\u00ed prost\u0159ed\u00ed a pro z\u00e1kazn\u00edka jsou nav\u00edc v\u00fdrazn\u011b &hellip; <a href=\"https:\/\/www.inapa.cz\/de\/uber-uns\/zivotni-prostredi\/\">V\u00edce<\/a><\/p>\n","protected":false},"author":3,"featured_media":4066,"parent":524,"menu_order":15,"comment_status":"open","ping_status":"open","template":"","meta":[],"acf":[],"yoast_head":"<!-- This site is optimized with the Yoast SEO plugin v18.1 - https:\/\/yoast.com\/wordpress\/plugins\/seo\/ -->\n<meta name=\"robots\" content=\"index, follow, max-snippet:-1, max-image-preview:large, max-video-preview:-1\" \/>\n<link rel=\"canonical\" href=\"https:\/\/www.inapa.cz\/de\/uber-uns\/zivotni-prostredi\/\" \/>\n<meta property=\"og:locale\" content=\"de_DE\" \/>\n<meta property=\"og:type\" content=\"article\" \/>\n<meta property=\"og:title\" content=\"\u017divotn\u00ed prost\u0159ed\u00ed - Inapa s. r. o.\" \/>\n<meta property=\"og:description\" content=\"Produkce na\u0161ich obal\u016f je \u017eivotn\u00edmu prost\u0159ed\u00ed p\u0159\u00edzniv\u00e1 V\u011bt\u0161ina na\u0161ich obal\u016f je vyrobena z 100 % recyklovateln\u00e9ho materi\u00e1lu, jeho\u017e z\u00e1kladem je sb\u011brov\u00fd (recyklovateln\u00fd) pap\u00edr. Obaly z\u00a0vlnit\u00e9 lepenky maj\u00ed v\u00fdrazn\u011b m\u00e9n\u011b negativn\u00ed dopad na \u017eivotn\u00ed prost\u0159ed\u00ed a pro z\u00e1kazn\u00edka jsou nav\u00edc v\u00fdrazn\u011b &hellip; V\u00edce\" \/>\n<meta property=\"og:url\" content=\"https:\/\/www.inapa.cz\/de\/uber-uns\/zivotni-prostredi\/\" \/>\n<meta property=\"og:site_name\" content=\"Inapa s. r. o.\" \/>\n<meta property=\"article:modified_time\" content=\"2025-02-03T11:21:10+00:00\" \/>\n<meta property=\"og:image\" content=\"https:\/\/www.inapa.cz\/wp-content\/uploads\/2014\/04\/list_lepenka.jpg\" \/>\n\t<meta property=\"og:image:width\" content=\"933\" \/>\n\t<meta property=\"og:image:height\" content=\"514\" \/>\n\t<meta property=\"og:image:type\" content=\"image\/jpeg\" \/>\n<meta name=\"twitter:label1\" content=\"Gesch\u00e4tzte Lesezeit\" \/>\n\t<meta name=\"twitter:data1\" content=\"1\u00a0Minute\" \/>\n<script type=\"application\/ld+json\" class=\"yoast-schema-graph\">{\"@context\":\"https:\/\/schema.org\",\"@graph\":[{\"@type\":\"WebSite\",\"@id\":\"https:\/\/www.inapa.cz\/#website\",\"url\":\"https:\/\/www.inapa.cz\/\",\"name\":\"Inapa s. r. o.\",\"description\":\"Printing and packaging\",\"potentialAction\":[{\"@type\":\"SearchAction\",\"target\":{\"@type\":\"EntryPoint\",\"urlTemplate\":\"https:\/\/www.inapa.cz\/?s={search_term_string}\"},\"query-input\":\"required name=search_term_string\"}],\"inLanguage\":\"de\"},{\"@type\":\"ImageObject\",\"@id\":\"https:\/\/www.inapa.cz\/de\/uber-uns\/zivotni-prostredi\/#primaryimage\",\"inLanguage\":\"de\",\"url\":\"https:\/\/www.inapa.cz\/wp-content\/uploads\/2014\/04\/list_lepenka.jpg\",\"contentUrl\":\"https:\/\/www.inapa.cz\/wp-content\/uploads\/2014\/04\/list_lepenka.jpg\",\"width\":933,\"height\":514},{\"@type\":\"WebPage\",\"@id\":\"https:\/\/www.inapa.cz\/de\/uber-uns\/zivotni-prostredi\/#webpage\",\"url\":\"https:\/\/www.inapa.cz\/de\/uber-uns\/zivotni-prostredi\/\",\"name\":\"\u017divotn\u00ed prost\u0159ed\u00ed - Inapa s. r. o.\",\"isPartOf\":{\"@id\":\"https:\/\/www.inapa.cz\/#website\"},\"primaryImageOfPage\":{\"@id\":\"https:\/\/www.inapa.cz\/de\/uber-uns\/zivotni-prostredi\/#primaryimage\"},\"datePublished\":\"2014-04-17T13:15:56+00:00\",\"dateModified\":\"2025-02-03T11:21:10+00:00\",\"breadcrumb\":{\"@id\":\"https:\/\/www.inapa.cz\/de\/uber-uns\/zivotni-prostredi\/#breadcrumb\"},\"inLanguage\":\"de\",\"potentialAction\":[{\"@type\":\"ReadAction\",\"target\":[\"https:\/\/www.inapa.cz\/de\/uber-uns\/zivotni-prostredi\/\"]}]},{\"@type\":\"BreadcrumbList\",\"@id\":\"https:\/\/www.inapa.cz\/de\/uber-uns\/zivotni-prostredi\/#breadcrumb\",\"itemListElement\":[{\"@type\":\"ListItem\",\"position\":1,\"name\":\"\u00dcber uns\",\"item\":\"https:\/\/www.inapa.cz\/de\/uber-uns\/\"},{\"@type\":\"ListItem\",\"position\":2,\"name\":\"\u017divotn\u00ed prost\u0159ed\u00ed\"}]}]}<\/script>\n<!-- \/ Yoast SEO plugin. -->","yoast_head_json":{"robots":{"index":"index","follow":"follow","max-snippet":"max-snippet:-1","max-image-preview":"max-image-preview:large","max-video-preview":"max-video-preview:-1"},"canonical":"https:\/\/www.inapa.cz\/de\/uber-uns\/zivotni-prostredi\/","og_locale":"de_DE","og_type":"article","og_title":"\u017divotn\u00ed prost\u0159ed\u00ed - Inapa s. r. o.","og_description":"Produkce na\u0161ich obal\u016f je \u017eivotn\u00edmu prost\u0159ed\u00ed p\u0159\u00edzniv\u00e1 V\u011bt\u0161ina na\u0161ich obal\u016f je vyrobena z 100 % recyklovateln\u00e9ho materi\u00e1lu, jeho\u017e z\u00e1kladem je sb\u011brov\u00fd (recyklovateln\u00fd) pap\u00edr. Obaly z\u00a0vlnit\u00e9 lepenky maj\u00ed v\u00fdrazn\u011b m\u00e9n\u011b negativn\u00ed dopad na \u017eivotn\u00ed prost\u0159ed\u00ed a pro z\u00e1kazn\u00edka jsou nav\u00edc v\u00fdrazn\u011b &hellip; V\u00edce","og_url":"https:\/\/www.inapa.cz\/de\/uber-uns\/zivotni-prostredi\/","og_site_name":"Inapa s. r. o.","article_modified_time":"2025-02-03T11:21:10+00:00","og_image":[{"width":933,"height":514,"url":"https:\/\/www.inapa.cz\/wp-content\/uploads\/2014\/04\/list_lepenka.jpg","type":"image\/jpeg"}],"twitter_misc":{"Gesch\u00e4tzte Lesezeit":"1\u00a0Minute"},"schema":{"@context":"https:\/\/schema.org","@graph":[{"@type":"WebSite","@id":"https:\/\/www.inapa.cz\/#website","url":"https:\/\/www.inapa.cz\/","name":"Inapa s. r. o.","description":"Printing and packaging","potentialAction":[{"@type":"SearchAction","target":{"@type":"EntryPoint","urlTemplate":"https:\/\/www.inapa.cz\/?s={search_term_string}"},"query-input":"required name=search_term_string"}],"inLanguage":"de"},{"@type":"ImageObject","@id":"https:\/\/www.inapa.cz\/de\/uber-uns\/zivotni-prostredi\/#primaryimage","inLanguage":"de","url":"https:\/\/www.inapa.cz\/wp-content\/uploads\/2014\/04\/list_lepenka.jpg","contentUrl":"https:\/\/www.inapa.cz\/wp-content\/uploads\/2014\/04\/list_lepenka.jpg","width":933,"height":514},{"@type":"WebPage","@id":"https:\/\/www.inapa.cz\/de\/uber-uns\/zivotni-prostredi\/#webpage","url":"https:\/\/www.inapa.cz\/de\/uber-uns\/zivotni-prostredi\/","name":"\u017divotn\u00ed prost\u0159ed\u00ed - Inapa s. r. o.","isPartOf":{"@id":"https:\/\/www.inapa.cz\/#website"},"primaryImageOfPage":{"@id":"https:\/\/www.inapa.cz\/de\/uber-uns\/zivotni-prostredi\/#primaryimage"},"datePublished":"2014-04-17T13:15:56+00:00","dateModified":"2025-02-03T11:21:10+00:00","breadcrumb":{"@id":"https:\/\/www.inapa.cz\/de\/uber-uns\/zivotni-prostredi\/#breadcrumb"},"inLanguage":"de","potentialAction":[{"@type":"ReadAction","target":["https:\/\/www.inapa.cz\/de\/uber-uns\/zivotni-prostredi\/"]}]},{"@type":"BreadcrumbList","@id":"https:\/\/www.inapa.cz\/de\/uber-uns\/zivotni-prostredi\/#breadcrumb","itemListElement":[{"@type":"ListItem","position":1,"name":"\u00dcber uns","item":"https:\/\/www.inapa.cz\/de\/uber-uns\/"},{"@type":"ListItem","position":2,"name":"\u017divotn\u00ed prost\u0159ed\u00ed"}]}]}},"_links":{"self":[{"href":"https:\/\/www.inapa.cz\/de\/wp-json\/wp\/v2\/pages\/546"}],"collection":[{"href":"https:\/\/www.inapa.cz\/de\/wp-json\/wp\/v2\/pages"}],"about":[{"href":"https:\/\/www.inapa.cz\/de\/wp-json\/wp\/v2\/types\/page"}],"author":[{"embeddable":true,"href":"https:\/\/www.inapa.cz\/de\/wp-json\/wp\/v2\/users\/3"}],"replies":[{"embeddable":true,"href":"https:\/\/www.inapa.cz\/de\/wp-json\/wp\/v2\/comments?post=546"}],"version-history":[{"count":2,"href":"https:\/\/www.inapa.cz\/de\/wp-json\/wp\/v2\/pages\/546\/revisions"}],"predecessor-version":[{"id":4068,"href":"https:\/\/www.inapa.cz\/de\/wp-json\/wp\/v2\/pages\/546\/revisions\/4068"}],"up":[{"embeddable":true,"href":"https:\/\/www.inapa.cz\/de\/wp-json\/wp\/v2\/pages\/524"}],"wp:featuredmedia":[{"embeddable":true,"href":"https:\/\/www.inapa.cz\/de\/wp-json\/wp\/v2\/media\/4066"}],"wp:attachment":[{"href":"https:\/\/www.inapa.cz\/de\/wp-json\/wp\/v2\/media?parent=546"}],"curies":[{"name":"wp","href":"https:\/\/api.w.org\/{rel}","templated":true}]}}