{"id":542,"date":"2017-11-29T11:28:39","date_gmt":"2017-11-29T10:28:39","guid":{"rendered":"https:\/\/www.inapa.cz\/uber-uns\/ke-stazeni\/"},"modified":"2019-08-01T14:28:12","modified_gmt":"2019-08-01T12:28:12","slug":"download","status":"publish","type":"page","link":"https:\/\/www.inapa.cz\/de\/uber-uns\/download\/","title":{"rendered":"Download"},"content":{"rendered":"<p><span style=\"font-weight: 400;\">Allgemeine Gesch\u00e4ftsbedingungen f\u00fcr Verkauf der von der Gesellschaft Inapa s.r.o. gelieferten, g\u00fcltig vom 1. 1. 2017 zum Herunterladen\u00a0<\/span><a href=\"https:\/\/www.inapa.cz\/wp-content\/uploads\/2017\/11\/Vseobecne-obchodni-podminky-INAPA-20111204-CZ.pdf\"><span style=\"font-weight: 400;\">hier.<\/span><\/a><\/p>\n","protected":false},"excerpt":{"rendered":"<p>Allgemeine Gesch\u00e4ftsbedingungen f\u00fcr Verkauf der von der Gesellschaft Inapa s.r.o. gelieferten, g\u00fcltig vom 1. 1. 2017 zum Herunterladen\u00a0hier.<\/p>\n","protected":false},"author":3,"featured_media":0,"parent":524,"menu_order":0,"comment_status":"open","ping_status":"open","template":"","meta":[],"acf":[],"yoast_head":"<!-- This site is optimized with the Yoast SEO plugin v18.1 - https:\/\/yoast.com\/wordpress\/plugins\/seo\/ -->\n<meta name=\"robots\" content=\"index, follow, max-snippet:-1, max-image-preview:large, max-video-preview:-1\" \/>\n<link rel=\"canonical\" href=\"https:\/\/www.inapa.cz\/de\/uber-uns\/download\/\" \/>\n<meta property=\"og:locale\" content=\"de_DE\" \/>\n<meta property=\"og:type\" content=\"article\" \/>\n<meta property=\"og:title\" content=\"Download - Inapa s. r. o.\" \/>\n<meta property=\"og:description\" content=\"Allgemeine Gesch\u00e4ftsbedingungen f\u00fcr Verkauf der von der Gesellschaft Inapa s.r.o. gelieferten, g\u00fcltig vom 1. 1. 2017 zum Herunterladen\u00a0hier.\" \/>\n<meta property=\"og:url\" content=\"https:\/\/www.inapa.cz\/de\/uber-uns\/download\/\" \/>\n<meta property=\"og:site_name\" content=\"Inapa s. r. o.\" \/>\n<meta property=\"article:modified_time\" content=\"2019-08-01T12:28:12+00:00\" \/>\n<script type=\"application\/ld+json\" class=\"yoast-schema-graph\">{\"@context\":\"https:\/\/schema.org\",\"@graph\":[{\"@type\":\"WebSite\",\"@id\":\"https:\/\/www.inapa.cz\/#website\",\"url\":\"https:\/\/www.inapa.cz\/\",\"name\":\"Inapa s. r. o.\",\"description\":\"Printing and packaging\",\"potentialAction\":[{\"@type\":\"SearchAction\",\"target\":{\"@type\":\"EntryPoint\",\"urlTemplate\":\"https:\/\/www.inapa.cz\/?s={search_term_string}\"},\"query-input\":\"required name=search_term_string\"}],\"inLanguage\":\"de\"},{\"@type\":\"WebPage\",\"@id\":\"https:\/\/www.inapa.cz\/de\/uber-uns\/download\/#webpage\",\"url\":\"https:\/\/www.inapa.cz\/de\/uber-uns\/download\/\",\"name\":\"Download - Inapa s. r. o.\",\"isPartOf\":{\"@id\":\"https:\/\/www.inapa.cz\/#website\"},\"datePublished\":\"2017-11-29T10:28:39+00:00\",\"dateModified\":\"2019-08-01T12:28:12+00:00\",\"breadcrumb\":{\"@id\":\"https:\/\/www.inapa.cz\/de\/uber-uns\/download\/#breadcrumb\"},\"inLanguage\":\"de\",\"potentialAction\":[{\"@type\":\"ReadAction\",\"target\":[\"https:\/\/www.inapa.cz\/de\/uber-uns\/download\/\"]}]},{\"@type\":\"BreadcrumbList\",\"@id\":\"https:\/\/www.inapa.cz\/de\/uber-uns\/download\/#breadcrumb\",\"itemListElement\":[{\"@type\":\"ListItem\",\"position\":1,\"name\":\"\u00dcber uns\",\"item\":\"https:\/\/www.inapa.cz\/de\/uber-uns\/\"},{\"@type\":\"ListItem\",\"position\":2,\"name\":\"Download\"}]}]}<\/script>\n<!-- \/ Yoast SEO plugin. -->","yoast_head_json":{"robots":{"index":"index","follow":"follow","max-snippet":"max-snippet:-1","max-image-preview":"max-image-preview:large","max-video-preview":"max-video-preview:-1"},"canonical":"https:\/\/www.inapa.cz\/de\/uber-uns\/download\/","og_locale":"de_DE","og_type":"article","og_title":"Download - Inapa s. r. o.","og_description":"Allgemeine Gesch\u00e4ftsbedingungen f\u00fcr Verkauf der von der Gesellschaft Inapa s.r.o. gelieferten, g\u00fcltig vom 1. 1. 2017 zum Herunterladen\u00a0hier.","og_url":"https:\/\/www.inapa.cz\/de\/uber-uns\/download\/","og_site_name":"Inapa s. r. o.","article_modified_time":"2019-08-01T12:28:12+00:00","schema":{"@context":"https:\/\/schema.org","@graph":[{"@type":"WebSite","@id":"https:\/\/www.inapa.cz\/#website","url":"https:\/\/www.inapa.cz\/","name":"Inapa s. r. o.","description":"Printing and packaging","potentialAction":[{"@type":"SearchAction","target":{"@type":"EntryPoint","urlTemplate":"https:\/\/www.inapa.cz\/?s={search_term_string}"},"query-input":"required name=search_term_string"}],"inLanguage":"de"},{"@type":"WebPage","@id":"https:\/\/www.inapa.cz\/de\/uber-uns\/download\/#webpage","url":"https:\/\/www.inapa.cz\/de\/uber-uns\/download\/","name":"Download - Inapa s. r. o.","isPartOf":{"@id":"https:\/\/www.inapa.cz\/#website"},"datePublished":"2017-11-29T10:28:39+00:00","dateModified":"2019-08-01T12:28:12+00:00","breadcrumb":{"@id":"https:\/\/www.inapa.cz\/de\/uber-uns\/download\/#breadcrumb"},"inLanguage":"de","potentialAction":[{"@type":"ReadAction","target":["https:\/\/www.inapa.cz\/de\/uber-uns\/download\/"]}]},{"@type":"BreadcrumbList","@id":"https:\/\/www.inapa.cz\/de\/uber-uns\/download\/#breadcrumb","itemListElement":[{"@type":"ListItem","position":1,"name":"\u00dcber uns","item":"https:\/\/www.inapa.cz\/de\/uber-uns\/"},{"@type":"ListItem","position":2,"name":"Download"}]}]}},"_links":{"self":[{"href":"https:\/\/www.inapa.cz\/de\/wp-json\/wp\/v2\/pages\/542"}],"collection":[{"href":"https:\/\/www.inapa.cz\/de\/wp-json\/wp\/v2\/pages"}],"about":[{"href":"https:\/\/www.inapa.cz\/de\/wp-json\/wp\/v2\/types\/page"}],"author":[{"embeddable":true,"href":"https:\/\/www.inapa.cz\/de\/wp-json\/wp\/v2\/users\/3"}],"replies":[{"embeddable":true,"href":"https:\/\/www.inapa.cz\/de\/wp-json\/wp\/v2\/comments?post=542"}],"version-history":[{"count":0,"href":"https:\/\/www.inapa.cz\/de\/wp-json\/wp\/v2\/pages\/542\/revisions"}],"up":[{"embeddable":true,"href":"https:\/\/www.inapa.cz\/de\/wp-json\/wp\/v2\/pages\/524"}],"wp:attachment":[{"href":"https:\/\/www.inapa.cz\/de\/wp-json\/wp\/v2\/media?parent=542"}],"curies":[{"name":"wp","href":"https:\/\/api.w.org\/{rel}","templated":true}]}}